{"id":175,"date":"2021-12-19T09:26:06","date_gmt":"2021-12-19T09:26:06","guid":{"rendered":"https:\/\/empleosendigital.com\/?page_id=175"},"modified":"2021-12-19T20:47:58","modified_gmt":"2021-12-19T20:47:58","slug":"aguascalientes","status":"publish","type":"page","link":"https:\/\/empleosendigital.com\/index.php\/aguascalientes\/","title":{"rendered":"Aguascalientes"},"content":{"rendered":"\n<p><strong>Registro de postulantes para vacantes. (Opci\u00f3n 1)<\/strong><\/p>\n\n\n\n<p>Hay dos tipos de registro; para trabajadores y para profesionistas, selecciona el adecuado para la capacitaci\u00f3n que tienes, reg\u00edstrate y espera a ser contactado por las empresas que solicitan nuestros servicios de reclutamiento.<\/p>\n\n\n\n<p>Al seleccionar alguna de las opciones de abajo se te abrir\u00e1 una pagina con publicidad solo debes esperar 5 segundos y dar clic en la parte superior derecha donde dice &#8220;Saltar Publicidad&#8221;, completa el formulario y listo<\/p>\n\n\n\n<p><a href=\"http:\/\/fumacrom.com\/21042681\/aguas-tra\" target=\"_blank\" rel=\"noreferrer noopener\">Registro de trabajadores en general (clic aqu\u00ed)<\/a><\/p>\n\n\n\n<p><a href=\"http:\/\/fumacrom.com\/21042681\/aguas-tra\" target=\"_blank\" rel=\"noreferrer noopener\">Registro de<\/a><a href=\"http:\/\/fumacrom.com\/21042681\/aguas-pro\" target=\"_blank\" rel=\"noreferrer noopener\" title=\"Profesionistas\"> profesionistas (clic aqu\u00ed) <\/a><\/p>\n\n\n\n<p> <\/p>\n\n\n\n<p><strong>Vacante r\u00e1pida (otra opci\u00f3n)<\/strong><\/p>\n\n\n\n<p>Para los que buscan una vacante urgentemente hay una forma f\u00e1cil y r\u00e1pida de encontrarlas, solo depende de ti, ponerte en contacto con la empresa que la publico.<\/p>\n\n\n\n<p>Sigue estos 2 pasos;<\/p>\n\n\n\n<p>1 Localiza el buscador dentro de la p\u00e1gina de Facebook (La lupa)<\/p>\n\n\n\n<figure class=\"wp-block-image size-full\"><img loading=\"lazy\" width=\"925\" height=\"708\" src=\"https:\/\/empleosendigital.com\/wp-content\/uploads\/2021\/12\/A01.png\" alt=\"\" class=\"wp-image-191\" srcset=\"https:\/\/empleosendigital.com\/wp-content\/uploads\/2021\/12\/A01.png 925w, https:\/\/empleosendigital.com\/wp-content\/uploads\/2021\/12\/A01-300x230.png 300w, https:\/\/empleosendigital.com\/wp-content\/uploads\/2021\/12\/A01-768x588.png 768w\" sizes=\"(max-width: 925px) 100vw, 925px\" \/><\/figure>\n\n\n\n<p>2 Escribe alguna palabra clave relacionada con el trabajo que buscas<\/p>\n\n\n\n<figure class=\"wp-block-image size-large\"><img loading=\"lazy\" width=\"1024\" height=\"582\" src=\"https:\/\/empleosendigital.com\/wp-content\/uploads\/2021\/12\/A02-1024x582.png\" alt=\"\" class=\"wp-image-192\" srcset=\"https:\/\/empleosendigital.com\/wp-content\/uploads\/2021\/12\/A02-1024x582.png 1024w, https:\/\/empleosendigital.com\/wp-content\/uploads\/2021\/12\/A02-300x170.png 300w, https:\/\/empleosendigital.com\/wp-content\/uploads\/2021\/12\/A02-768x436.png 768w, https:\/\/empleosendigital.com\/wp-content\/uploads\/2021\/12\/A02.png 1230w\" sizes=\"(max-width: 1024px) 100vw, 1024px\" \/><\/figure>\n\n\n\n<p>Listo ahora solo falta que te presentes, les hables por tel\u00e9fono, les env\u00edes un mensaje o un correo electr\u00f3nico. SUERTE!!!<\/p>\n\n\n\n<div class=\"wp-block-buttons alignwide is-content-justification-center\">\n<div class=\"wp-block-button\"><a class=\"wp-block-button__link has-black-color has-blue-background-color has-text-color has-background\" href=\"https:\/\/www.facebook.com\/EmpleosEnAAguascalientes\" target=\"_blank\" rel=\"noreferrer noopener\">FACEBOOK<\/a><\/div>\n<\/div>\n\n\n\n<div class=\"wp-block-buttons alignfull is-content-justification-center\">\n<div class=\"wp-block-button\"><a class=\"wp-block-button__link has-white-color has-black-background-color has-text-color has-background\" href=\"https:\/\/empleosendigital.com\/\" target=\"_blank\" rel=\"noreferrer noopener\">REGRESAR<\/a><\/div>\n<\/div>\n","protected":false},"excerpt":{"rendered":"<p>Registro de postulantes para vacantes. (Opci\u00f3n 1) Hay dos tipos de registro; para trabajadores y para profesionistas, selecciona el adecuado para la capacitaci\u00f3n que tienes, reg\u00edstrate y espera a ser contactado por las empresas que solicitan nuestros servicios de reclutamiento. Al seleccionar alguna de las opciones de abajo se te abrir\u00e1 una pagina con publicidad&hellip; <a class=\"more-link\" href=\"https:\/\/empleosendigital.com\/index.php\/aguascalientes\/\">Continue reading <span class=\"screen-reader-text\">Aguascalientes<\/span><\/a><\/p>\n","protected":false},"author":1,"featured_media":0,"parent":0,"menu_order":0,"comment_status":"closed","ping_status":"closed","template":"","meta":{"om_disable_all_campaigns":false,"_monsterinsights_skip_tracking":false,"_monsterinsights_sitenote_active":false,"_monsterinsights_sitenote_note":"","_monsterinsights_sitenote_category":0},"_links":{"self":[{"href":"https:\/\/empleosendigital.com\/index.php\/wp-json\/wp\/v2\/pages\/175"}],"collection":[{"href":"https:\/\/empleosendigital.com\/index.php\/wp-json\/wp\/v2\/pages"}],"about":[{"href":"https:\/\/empleosendigital.com\/index.php\/wp-json\/wp\/v2\/types\/page"}],"author":[{"embeddable":true,"href":"https:\/\/empleosendigital.com\/index.php\/wp-json\/wp\/v2\/users\/1"}],"replies":[{"embeddable":true,"href":"https:\/\/empleosendigital.com\/index.php\/wp-json\/wp\/v2\/comments?post=175"}],"version-history":[{"count":6,"href":"https:\/\/empleosendigital.com\/index.php\/wp-json\/wp\/v2\/pages\/175\/revisions"}],"predecessor-version":[{"id":219,"href":"https:\/\/empleosendigital.com\/index.php\/wp-json\/wp\/v2\/pages\/175\/revisions\/219"}],"wp:attachment":[{"href":"https:\/\/empleosendigital.com\/index.php\/wp-json\/wp\/v2\/media?parent=175"}],"curies":[{"name":"wp","href":"https:\/\/api.w.org\/{rel}","templated":true}]}}