{"id":179,"date":"2021-12-19T09:42:10","date_gmt":"2021-12-19T09:42:10","guid":{"rendered":"https:\/\/empleosendigital.com\/?page_id=179"},"modified":"2021-12-19T20:54:01","modified_gmt":"2021-12-19T20:54:01","slug":"matamoros","status":"publish","type":"page","link":"https:\/\/empleosendigital.com\/index.php\/matamoros\/","title":{"rendered":"Matamoros"},"content":{"rendered":"\n<p><strong>Registro de postulantes para vacantes. (Opci\u00f3n 1)<\/strong><\/p>\n\n\n\n<p>Hay dos tipos de registro; para trabajadores y para profesionistas, selecciona el adecuado para la capacitaci\u00f3n que tienes, reg\u00edstrate y espera a ser contactado por las empresas que solicitan nuestros servicios de reclutamiento.<\/p>\n\n\n\n<p>Al seleccionar alguna de las opciones de abajo se te abrir\u00e1 una pagina con publicidad solo debes esperar 5 segundos y dar clic en la parte superior derecha donde dice \u201cSaltar Publicidad\u201d, completa el formulario y listo.<\/p>\n\n\n\n<p><a href=\"http:\/\/fumacrom.com\/21042681\/matam-tra\" target=\"_blank\" rel=\"noreferrer noopener\">Registro de trabajadores en general (clic aqu\u00ed)<\/a><\/p>\n\n\n\n<p><a href=\"http:\/\/fumacrom.com\/21042681\/matam-pro\" target=\"_blank\" rel=\"noreferrer noopener\">Registro de profesionistas (clic aqu\u00ed)<\/a><\/p>\n\n\n\n<p><\/p>\n\n\n\n<p class=\"has-text-align-left\"><strong>Vacante r\u00e1pida (otra opci\u00f3n)<\/strong><\/p>\n\n\n\n<p>Para los que buscan una vacante urgentemente hay una forma f\u00e1cil y r\u00e1pida de encontrarlas, solo depende de ti, ponerte en contacto con la empresa que la publico.<\/p>\n\n\n\n<p>Sigue estos 2 pasos;&nbsp;<\/p>\n\n\n\n<ol><li>Localiza el buscador dentro de la p\u00e1gina de Facebook (La lupa)<\/li><\/ol>\n\n\n\n<figure class=\"wp-block-image size-full\"><img loading=\"lazy\" width=\"942\" height=\"692\" src=\"https:\/\/empleosendigital.com\/wp-content\/uploads\/2021\/12\/M01.png\" alt=\"\" class=\"wp-image-184\" srcset=\"https:\/\/empleosendigital.com\/wp-content\/uploads\/2021\/12\/M01.png 942w, https:\/\/empleosendigital.com\/wp-content\/uploads\/2021\/12\/M01-300x220.png 300w, https:\/\/empleosendigital.com\/wp-content\/uploads\/2021\/12\/M01-768x564.png 768w\" sizes=\"(max-width: 942px) 100vw, 942px\" \/><\/figure>\n\n\n\n<p>2. Escribe alguna palabra clave relacionada con el trabajo que buscas<\/p>\n\n\n\n<figure class=\"wp-block-image size-large\"><img loading=\"lazy\" width=\"1024\" height=\"580\" src=\"https:\/\/empleosendigital.com\/wp-content\/uploads\/2021\/12\/M02-1024x580.png\" alt=\"\" class=\"wp-image-185\" srcset=\"https:\/\/empleosendigital.com\/wp-content\/uploads\/2021\/12\/M02-1024x580.png 1024w, https:\/\/empleosendigital.com\/wp-content\/uploads\/2021\/12\/M02-300x170.png 300w, https:\/\/empleosendigital.com\/wp-content\/uploads\/2021\/12\/M02-768x435.png 768w, https:\/\/empleosendigital.com\/wp-content\/uploads\/2021\/12\/M02.png 1215w\" sizes=\"(max-width: 1024px) 100vw, 1024px\" \/><\/figure>\n\n\n\n<p>Listo ahora solo falta que te presentes, les hables por tel\u00e9fono, les env\u00edes un mensaje o un correo electr\u00f3nico. SUERTE!!!<\/p>\n\n\n\n<div class=\"wp-block-buttons is-content-justification-center\">\n<div class=\"wp-block-button\"><a class=\"wp-block-button__link has-white-color has-blue-background-color has-text-color has-background\" href=\"https:\/\/www.facebook.com\/empleosenmatamoros.tamps\" target=\"_blank\" rel=\"noreferrer noopener\">FACEBOOK<\/a><\/div>\n<\/div>\n\n\n\n<div class=\"wp-block-buttons is-content-justification-center\">\n<div class=\"wp-block-button\"><a class=\"wp-block-button__link\" href=\"https:\/\/empleosendigital.com\/\">REGRESAR<\/a><\/div>\n<\/div>\n","protected":false},"excerpt":{"rendered":"<p>Registro de postulantes para vacantes. (Opci\u00f3n 1) Hay dos tipos de registro; para trabajadores y para profesionistas, selecciona el adecuado para la capacitaci\u00f3n que tienes, reg\u00edstrate y espera a ser contactado por las empresas que solicitan nuestros servicios de reclutamiento. Al seleccionar alguna de las opciones de abajo se te abrir\u00e1 una pagina con publicidad&hellip; <a class=\"more-link\" href=\"https:\/\/empleosendigital.com\/index.php\/matamoros\/\">Continue reading <span class=\"screen-reader-text\">Matamoros<\/span><\/a><\/p>\n","protected":false},"author":1,"featured_media":0,"parent":0,"menu_order":0,"comment_status":"closed","ping_status":"closed","template":"","meta":{"om_disable_all_campaigns":false,"_monsterinsights_skip_tracking":false,"_monsterinsights_sitenote_active":false,"_monsterinsights_sitenote_note":"","_monsterinsights_sitenote_category":0},"_links":{"self":[{"href":"https:\/\/empleosendigital.com\/index.php\/wp-json\/wp\/v2\/pages\/179"}],"collection":[{"href":"https:\/\/empleosendigital.com\/index.php\/wp-json\/wp\/v2\/pages"}],"about":[{"href":"https:\/\/empleosendigital.com\/index.php\/wp-json\/wp\/v2\/types\/page"}],"author":[{"embeddable":true,"href":"https:\/\/empleosendigital.com\/index.php\/wp-json\/wp\/v2\/users\/1"}],"replies":[{"embeddable":true,"href":"https:\/\/empleosendigital.com\/index.php\/wp-json\/wp\/v2\/comments?post=179"}],"version-history":[{"count":5,"href":"https:\/\/empleosendigital.com\/index.php\/wp-json\/wp\/v2\/pages\/179\/revisions"}],"predecessor-version":[{"id":221,"href":"https:\/\/empleosendigital.com\/index.php\/wp-json\/wp\/v2\/pages\/179\/revisions\/221"}],"wp:attachment":[{"href":"https:\/\/empleosendigital.com\/index.php\/wp-json\/wp\/v2\/media?parent=179"}],"curies":[{"name":"wp","href":"https:\/\/api.w.org\/{rel}","templated":true}]}}