{"id":5,"date":"2021-12-10T03:44:44","date_gmt":"2021-12-10T03:44:44","guid":{"rendered":"https:\/\/empleosendigital.com\/?page_id=5"},"modified":"2021-12-19T20:39:47","modified_gmt":"2021-12-19T20:39:47","slug":"create-your-website-with-blocks","status":"publish","type":"page","link":"https:\/\/empleosendigital.com\/","title":{"rendered":"Empleos En Digital"},"content":{"rendered":"\n<h2 class=\"alignwide has-text-align-wide has-gigantic-font-size\" style=\"line-height:1.1\">Buscas Empleo:<\/h2>\n\n\n\n<h2>Elige tu municipio para encontrar empleo:<\/h2>\n\n\n\n<p><a href=\"https:\/\/empleosendigital.com\/index.php\/aguascalientes\/\" title=\"Aguascalientes\">Aguascalientes<\/a><\/p>\n\n\n\n<p><a href=\"https:\/\/empleosendigital.com\/index.php\/matamoros\/\">Matamoros<\/a><\/p>\n\n\n\n<p><a href=\"https:\/\/empleosendigital.com\/index.php\/merida\/\">M\u00e9rida <\/a><\/p>\n\n\n\n<p><a href=\"https:\/\/www.facebook.com\/empleosenqueretaro.qro\">Q<\/a><a href=\"https:\/\/empleosendigital.com\/index.php\/queretaro\/\">uer\u00e9taro<\/a><\/p>\n\n\n\n<p><a href=\"https:\/\/empleosendigital.com\/index.php\/saltillo\/\">Saltillo<\/a><\/p>\n\n\n\n<div class=\"wp-block-columns alignwide are-vertically-aligned-top\">\n<div class=\"wp-block-column is-vertically-aligned-top\">\n<h3>Reclutamiento Digital<\/h3>\n\n\n\n<p>Tienes computadora, smartphone, Internet y m\u00e1s de 18 a\u00f1os, sabes usar los programas b\u00e1sicos de Office, est\u00e1s listo para aprender?<\/p>\n\n\n\n<p>\u00danete a nuestro equipo para que inicies el 2022 con un trabajo DIGITAL.         <\/p>\n\n\n\n<p><a href=\"https:\/\/forms.gle\/sTMKbfkK6nUpZX2N8\" target=\"_blank\" rel=\"noreferrer noopener\" title=\"Empleo Vacante\">Reg\u00edstrate aqu\u00ed<\/a> <\/p>\n<\/div>\n\n\n\n<div class=\"wp-block-column is-vertically-aligned-top\">\n<h3>\u00bfEres Empresa?<\/h3>\n\n\n\n<p>Selecciona el Municipio mas cercano, reg\u00edstrate, al final copia el correo de contacto y env\u00edanos el tel\u00e9fono con que te registraste para aprobarte y comunicarnos contigo.<\/p>\n\n\n\n<p><a href=\"https:\/\/goo.gl\/forms\/CtAXDDiywGcDOZTk1\" target=\"_blank\" rel=\"noreferrer noopener\">Aguascalientes<\/a> <br><a href=\"https:\/\/goo.gl\/forms\/mXjhtaL4e6An5ipA3\" target=\"_blank\" rel=\"noreferrer noopener\">Matamoros<\/a> <br><a href=\"https:\/\/forms.gle\/Q6DRuCTvA5SJ1UKh7\" target=\"_blank\" rel=\"noreferrer noopener\">M\u00e9rida<\/a> <br><a href=\"https:\/\/goo.gl\/forms\/cVfEGHrCOG0K9bGy2\" target=\"_blank\" rel=\"noreferrer noopener\" title=\"Publicar Vacante\">Quer\u00e9taro <\/a><br><a href=\"https:\/\/goo.gl\/forms\/sUEq7NrCXscs94QM2\" target=\"_blank\" rel=\"noreferrer noopener\">Saltillo<\/a> <\/p>\n<\/div>\n<\/div>\n\n\n\n<p><\/p>\n","protected":false},"excerpt":{"rendered":"<p>Buscas Empleo: Elige tu municipio para encontrar empleo: Aguascalientes Matamoros M\u00e9rida Quer\u00e9taro Saltillo Reclutamiento Digital Tienes computadora, smartphone, Internet y m\u00e1s de 18 a\u00f1os, sabes usar los programas b\u00e1sicos de Office, est\u00e1s listo para aprender? \u00danete a nuestro equipo para que inicies el 2022 con un trabajo DIGITAL. Reg\u00edstrate aqu\u00ed \u00bfEres Empresa? Selecciona el Municipio&hellip; <a class=\"more-link\" href=\"https:\/\/empleosendigital.com\/\">Continue reading <span class=\"screen-reader-text\">Empleos En Digital<\/span><\/a><\/p>\n","protected":false},"author":1,"featured_media":0,"parent":0,"menu_order":0,"comment_status":"closed","ping_status":"closed","template":"","meta":{"om_disable_all_campaigns":false,"_monsterinsights_skip_tracking":false,"_monsterinsights_sitenote_active":false,"_monsterinsights_sitenote_note":"","_monsterinsights_sitenote_category":0},"_links":{"self":[{"href":"https:\/\/empleosendigital.com\/index.php\/wp-json\/wp\/v2\/pages\/5"}],"collection":[{"href":"https:\/\/empleosendigital.com\/index.php\/wp-json\/wp\/v2\/pages"}],"about":[{"href":"https:\/\/empleosendigital.com\/index.php\/wp-json\/wp\/v2\/types\/page"}],"author":[{"embeddable":true,"href":"https:\/\/empleosendigital.com\/index.php\/wp-json\/wp\/v2\/users\/1"}],"replies":[{"embeddable":true,"href":"https:\/\/empleosendigital.com\/index.php\/wp-json\/wp\/v2\/comments?post=5"}],"version-history":[{"count":21,"href":"https:\/\/empleosendigital.com\/index.php\/wp-json\/wp\/v2\/pages\/5\/revisions"}],"predecessor-version":[{"id":214,"href":"https:\/\/empleosendigital.com\/index.php\/wp-json\/wp\/v2\/pages\/5\/revisions\/214"}],"wp:attachment":[{"href":"https:\/\/empleosendigital.com\/index.php\/wp-json\/wp\/v2\/media?parent=5"}],"curies":[{"name":"wp","href":"https:\/\/api.w.org\/{rel}","templated":true}]}}