{"id":6,"date":"2021-12-10T03:44:44","date_gmt":"2021-12-10T03:44:44","guid":{"rendered":"https:\/\/empleosendigital.com\/?page_id=6"},"modified":"2021-12-11T01:50:30","modified_gmt":"2021-12-11T01:50:30","slug":"about","status":"publish","type":"page","link":"https:\/\/empleosendigital.com\/index.php\/about\/","title":{"rendered":"Nosotros:"},"content":{"rendered":"\n<p>Nuestro enfoque esta en aprovechar todas las oportunidades del mundo digital como herramientas para ayudar a las empresas y empleados a crecer.<\/p>\n\n\n\n<p>Misi\u00f3n:<\/p>\n\n\n\n<p>Conectar personas con oportunidades y a empresas con las herramientas tecnol\u00f3gicas, el recurso humano y recursos financieros para seguir creciendo. <\/p>\n\n\n\n<p>Visi\u00f3n:<\/p>\n\n\n\n<p>Ser la conexi\u00f3n principal entre las oportunidades, las empresas y las personas para un ganar-ganar. <\/p>\n\n\n\n<p>Valores:<\/p>\n\n\n\n<p>Honestidad, Responsabilidad y Aprendizaje continuo<\/p>\n","protected":false},"excerpt":{"rendered":"<p>Nuestro enfoque esta en aprovechar todas las oportunidades del mundo digital como herramientas para ayudar a las empresas y empleados a crecer. Misi\u00f3n: Conectar personas con oportunidades y a empresas con las herramientas tecnol\u00f3gicas, el recurso humano y recursos financieros para seguir creciendo. Visi\u00f3n: Ser la conexi\u00f3n principal entre las oportunidades, las empresas y las&hellip; <a class=\"more-link\" href=\"https:\/\/empleosendigital.com\/index.php\/about\/\">Continue reading <span class=\"screen-reader-text\">Nosotros:<\/span><\/a><\/p>\n","protected":false},"author":1,"featured_media":0,"parent":0,"menu_order":0,"comment_status":"closed","ping_status":"closed","template":"","meta":{"om_disable_all_campaigns":false,"_monsterinsights_skip_tracking":false,"_monsterinsights_sitenote_active":false,"_monsterinsights_sitenote_note":"","_monsterinsights_sitenote_category":0},"_links":{"self":[{"href":"https:\/\/empleosendigital.com\/index.php\/wp-json\/wp\/v2\/pages\/6"}],"collection":[{"href":"https:\/\/empleosendigital.com\/index.php\/wp-json\/wp\/v2\/pages"}],"about":[{"href":"https:\/\/empleosendigital.com\/index.php\/wp-json\/wp\/v2\/types\/page"}],"author":[{"embeddable":true,"href":"https:\/\/empleosendigital.com\/index.php\/wp-json\/wp\/v2\/users\/1"}],"replies":[{"embeddable":true,"href":"https:\/\/empleosendigital.com\/index.php\/wp-json\/wp\/v2\/comments?post=6"}],"version-history":[{"count":2,"href":"https:\/\/empleosendigital.com\/index.php\/wp-json\/wp\/v2\/pages\/6\/revisions"}],"predecessor-version":[{"id":78,"href":"https:\/\/empleosendigital.com\/index.php\/wp-json\/wp\/v2\/pages\/6\/revisions\/78"}],"wp:attachment":[{"href":"https:\/\/empleosendigital.com\/index.php\/wp-json\/wp\/v2\/media?parent=6"}],"curies":[{"name":"wp","href":"https:\/\/api.w.org\/{rel}","templated":true}]}}