{"id":7,"date":"2021-12-10T03:44:44","date_gmt":"2021-12-10T03:44:44","guid":{"rendered":"https:\/\/empleosendigital.com\/?page_id=7"},"modified":"2021-12-11T02:59:29","modified_gmt":"2021-12-11T02:59:29","slug":"contact","status":"publish","type":"page","link":"https:\/\/empleosendigital.com\/index.php\/contact\/","title":{"rendered":"Contacto:"},"content":{"rendered":"\n<p>Por favor, revisa en nuestra pagina de<a href=\"https:\/\/empleosendigital.com\/\" target=\"_blank\" rel=\"noreferrer noopener\"> <strong>Inicio<\/strong><\/a> lo que estas buscando, pues tenemos 2 opciones; 1) Vacantes publicadas en Facebook y 2) Un formulario para empresas que desean publicar ofertas.<\/p>\n\n\n\n<p>Ambas opciones tienen instrucciones claras de como realizarlas, por favor s\u00edguelas con cuidado pues no podemos dar una atenci\u00f3n individual y personalizada a todos los postulantes. Llegan a nosotros todos los d\u00edas miles de mensajes preguntando por empleos y solo unas decenas de ofertas de empresas.<\/p>\n\n\n\n<p><\/p>\n\n\n\n<p><\/p>\n\n\n\n<p>Contacto con el staff:<\/p>\n\n\n\n<p>Horario; Lunes a Viernes de 9:00 a 4:00 PM<\/p>\n\n\n\n<p><\/p>\n\n\n\n<p>Gerente General<\/p>\n\n\n\n<p>Juan Hern\u00e1ndez Rodr\u00edguez; gerencia@empleosendigital.com<\/p>\n\n\n\n<p><\/p>\n\n\n\n<p>Coordinador Social Media<\/p>\n\n\n\n<p>Ra\u00fal Conor Garc\u00eda; contacto@empleosendigital.com <\/p>\n\n\n\n<p><\/p>\n","protected":false},"excerpt":{"rendered":"<p>Por favor, revisa en nuestra pagina de Inicio lo que estas buscando, pues tenemos 2 opciones; 1) Vacantes publicadas en Facebook y 2) Un formulario para empresas que desean publicar ofertas. Ambas opciones tienen instrucciones claras de como realizarlas, por favor s\u00edguelas con cuidado pues no podemos dar una atenci\u00f3n individual y personalizada a todos&hellip; <a class=\"more-link\" href=\"https:\/\/empleosendigital.com\/index.php\/contact\/\">Continue reading <span class=\"screen-reader-text\">Contacto:<\/span><\/a><\/p>\n","protected":false},"author":1,"featured_media":0,"parent":0,"menu_order":0,"comment_status":"closed","ping_status":"closed","template":"","meta":{"om_disable_all_campaigns":false,"_monsterinsights_skip_tracking":false,"_monsterinsights_sitenote_active":false,"_monsterinsights_sitenote_note":"","_monsterinsights_sitenote_category":0},"_links":{"self":[{"href":"https:\/\/empleosendigital.com\/index.php\/wp-json\/wp\/v2\/pages\/7"}],"collection":[{"href":"https:\/\/empleosendigital.com\/index.php\/wp-json\/wp\/v2\/pages"}],"about":[{"href":"https:\/\/empleosendigital.com\/index.php\/wp-json\/wp\/v2\/types\/page"}],"author":[{"embeddable":true,"href":"https:\/\/empleosendigital.com\/index.php\/wp-json\/wp\/v2\/users\/1"}],"replies":[{"embeddable":true,"href":"https:\/\/empleosendigital.com\/index.php\/wp-json\/wp\/v2\/comments?post=7"}],"version-history":[{"count":5,"href":"https:\/\/empleosendigital.com\/index.php\/wp-json\/wp\/v2\/pages\/7\/revisions"}],"predecessor-version":[{"id":90,"href":"https:\/\/empleosendigital.com\/index.php\/wp-json\/wp\/v2\/pages\/7\/revisions\/90"}],"wp:attachment":[{"href":"https:\/\/empleosendigital.com\/index.php\/wp-json\/wp\/v2\/media?parent=7"}],"curies":[{"name":"wp","href":"https:\/\/api.w.org\/{rel}","templated":true}]}}